{"id":11,"date":"2023-02-21T10:53:46","date_gmt":"2023-02-21T10:53:46","guid":{"rendered":"https:\/\/kifft.ee\/?page_id=11"},"modified":"2024-06-03T07:29:18","modified_gmt":"2024-06-03T07:29:18","slug":"muugitingimused","status":"publish","type":"page","link":"https:\/\/kifft.ee\/fi\/muugitingimused\/","title":{"rendered":"Myyntiehdot"},"content":{"rendered":"<h1><strong>Myyntiehdot<\/strong><\/h1>\r\n<p>Myyntiehdot ovat t\u00e4rkeit\u00e4, jotta tied\u00e4t, mitk\u00e4 ovat sinun oikeutesi ja velvollisuutesi ostajana sek\u00e4 meid\u00e4n oikeutemme ja velvollisuutemme myyj\u00e4n\u00e4. Noudatamme kaikkia lakis\u00e4\u00e4teisi\u00e4 velvoitteita ja pyrimme tarjoamaan sinulle parasta palvelua ja tuotevalikoimaa. Alta voit tutustua kaikkiin periaatteisiimme, jotka koskevat jokaista ostosta.<\/p>\r\n<p>Verkkokaupan KIFFT.EE (j\u00e4ljemp\u00e4n\u00e4 Verkkokauppa) omistaja on KIFFT SHOP O\u00dc (rekisterinumero 16687507), sijaintina Tallinna, Roosikrantsi 15.<\/p>\r\n<p><strong>Myyntisopimuksen voimassaolo, tuotetiedot ja hinnat<\/strong><\/p>\r\n<p>Myyntiehdot koskevat Verkkokaupasta tehtyj\u00e4 ostoksia. Verkkokaupassa myyt\u00e4vien tuotteiden hinnat on merkitty tuotteiden yhteyteen. Hintoihin lis\u00e4t\u00e4\u00e4n toimituskulut. Toimituskulut riippuvat ostajan sijainnista ja toimitustavasta. Toimituskulut n\u00e4ytet\u00e4\u00e4n ostajalle tilauksen tekemisen yhteydess\u00e4. Tuotetiedot esitet\u00e4\u00e4n Verkkokaupassa suoraan tuotteen yhteydess\u00e4.<\/p>\r\n<p><strong>Tilauksen tekeminen<\/strong><\/p>\r\n<p>Tuotteen tilaamiseksi lis\u00e4\u00e4 haluamasi tuotteet ostoskoriin. Tilauksen tekemiseksi t\u00e4yt\u00e4 vaaditut kent\u00e4t ja valitse sopiva toimitustapa. Sen j\u00e4lkeen n\u00e4yt\u00f6lle tulee maksettava summa, joka voidaan maksaa pankkilinkin kautta tai muulla maksutavalla.<\/p>\r\n<p>Sopimus astuu voimaan siit\u00e4 hetkest\u00e4, kun maksettava summa on saapunut Verkkokaupan tilille. Jos tilattua tuotetta ei voida toimittaa tuotteen loppumisen tai muun syyn vuoksi, ostajalle ilmoitetaan t\u00e4st\u00e4 mahdollisimman pian ja maksettu raha (mukaan lukien toimituskulut) palautetaan viipym\u00e4tt\u00e4, mutta viimeist\u00e4\u00e4n 14 p\u00e4iv\u00e4n kuluessa ilmoituksen l\u00e4hett\u00e4misest\u00e4.<\/p>\r\n<p><strong>Toimitus<\/strong><\/p>\r\n<p>Tuotteita l\u00e4hetet\u00e4\u00e4n Viroon ja Suomeen. Toimituskulut maksaa ostaja, ja vastaavat hintatiedot on esitetty toimitustavan yhteydess\u00e4. Virossa tilaukset toimitetaan yleens\u00e4 ostajan m\u00e4\u00e4ritt\u00e4m\u00e4\u00e4n osoitteeseen 5-30 ty\u00f6p\u00e4iv\u00e4n kuluessa tilauksen voimaantulosta riippuen tilatusta tuotteesta. Suomeen tilaukset toimitetaan yleens\u00e4 ostajan m\u00e4\u00e4ritt\u00e4m\u00e4\u00e4n osoitteeseen 7-35 ty\u00f6p\u00e4iv\u00e4n kuluessa tilauksen voimaantulosta riippuen tilatusta tuotteesta. Poikkeustapauksissa tuotteet voidaan toimittaa 45 kalenterip\u00e4iv\u00e4n kuluessa.<\/p>\r\n<p><strong>Peruutusoikeus<\/strong><\/p>\r\n<p>Tilauksen vastaanottamisen j\u00e4lkeen ostajalla on oikeus peruuttaa Verkkokaupassa tehty sopimus 14 p\u00e4iv\u00e4n kuluessa. Peruutusoikeus ei koske, jos ostaja on oikeushenkil\u00f6. K\u00e4ytt\u00e4\u00e4kseen 14 p\u00e4iv\u00e4n palautusoikeutta tilattua tuotetta ei saa k\u00e4ytt\u00e4\u00e4 muuten kuin tuotteen luonteen, ominaisuuksien ja toimivuuden tarkistamiseksi, kuten se on sallittu fyysisess\u00e4 kaupassa. Jos tuotetta on k\u00e4ytetty muuhun tarkoitukseen kuin sen luonteen, ominaisuuksien ja toimivuuden tarkistamiseksi tai jos siin\u00e4 on k\u00e4yt\u00f6n tai kulumisen merkkej\u00e4, Verkkokaupalla on oikeus alentaa palautettavaa summaa tuotteen arvon alenemisen mukaisesti. Tuotteen palauttamiseksi on esitett\u00e4v\u00e4 ostopalautusilmoitus, jonka lomakkeen l\u00f6yd\u00e4t t\u00e4\u00e4lt\u00e4, ja l\u00e4hetett\u00e4v\u00e4 se s\u00e4hk\u00f6postiosoitteeseen viimeist\u00e4\u00e4n 14 p\u00e4iv\u00e4n kuluessa tuotteen vastaanottamisesta. Palautuskulut maksaa ostaja, paitsi jos palautuksen syyn\u00e4 on se, ett\u00e4 palautettava tuote ei vastaa tilausta (esim. v\u00e4\u00e4r\u00e4 tai viallinen tuote). Ostajan on palautettava tuote 14 p\u00e4iv\u00e4n kuluessa ilmoituksen esitt\u00e4misest\u00e4 tai esitett\u00e4v\u00e4 todiste, ett\u00e4 tuote on luovutettu kuljetettavaksi mainitun ajanjakson aikana. Verkkokauppa palauttaa ostajalle kaikki sopimuksen perusteella saadut maksut viipym\u00e4tt\u00e4, mutta viimeist\u00e4\u00e4n 14 p\u00e4iv\u00e4n kuluessa peruutusilmoituksen vastaanottamisesta. Verkkokauppa voi pid\u00e4tty\u00e4 maksujen palauttamisesta, kunnes on saanut tuotteen takaisin tai kunnes ostaja on esitt\u00e4nyt todisteet tuotteen l\u00e4hett\u00e4misest\u00e4 takaisin, riippuen siit\u00e4, kumpi tapahtuu ensin. Jos ostaja on nimenomaisesti valinnut Verkkokaupan tarjoamasta edullisimmasta tavanomaisesta toimitustavasta poikkeavan toimitustavan, Verkkokaupan ei tarvitse palauttaa kulua, joka ylitt\u00e4\u00e4 tavanomaisen toimitustavan kustannukset. Verkkokaupalla on oikeus peruuttaa kauppa ja vaatia ostajalta tuotteen palauttamista, jos tuotteen hinta verkkokaupassa on erehdyksen vuoksi merkitty huomattavasti alle tuotteen markkinahinnan.<\/p>\r\n<p><strong>Reklamaatio-oikeus<\/strong><\/p>\r\n<p>Verkkokauppa vastaa ostajalle myydyn tuotteen sopimuksen ehtojen vastaisuudesta tai viasta, joka oli olemassa jo tuotteen luovutushetkell\u00e4 ja joka ilmenee kahden vuoden kuluessa tuotteen luovutuksesta ostajalle. Ensimm\u00e4isen kuuden kuukauden kuluessa tuotteen luovutuksesta ostajalle oletetaan, ett\u00e4 vika oli olemassa jo tuotteen luovutushetkell\u00e4. T\u00e4m\u00e4n oletuksen kumoaminen on Verkkokaupan velvollisuus.<\/p>\r\n<p>Ostajalla on oikeus reklamoida vian ilmetess\u00e4 viimeist\u00e4\u00e4n kahden kuukauden kuluessa l\u00e4hett\u00e4m\u00e4ll\u00e4 s\u00e4hk\u00f6postia osoitteeseen <a target=\"_new\" rel=\"noreferrer noopener\">info@kifft.ee<\/a>.<\/p>\r\n<p>Verkkokauppa ei vastaa vioista, jotka ovat syntyneet tuotteen luovutuksen j\u00e4lkeen ostajalle. Jos Verkkokaupasta ostetussa tuotteessa on vikoja, joista Verkkokauppa vastaa, Verkkokauppa korjaa tai vaihtaa viallisen tuotteen. Jos tuotetta ei voida korjata tai vaihtaa, Verkkokauppa palauttaa ostajalle kaikki kauppasopimukseen liittyv\u00e4t maksut. Verkkokauppa vastaa kuluttajan esitt\u00e4m\u00e4\u00e4n reklamaatioon kirjallisesti tai kirjallisesti todennettavassa muodossa 15 p\u00e4iv\u00e4n kuluessa.<\/p>","protected":false},"excerpt":{"rendered":"<p>Myyntiehdot Myyntiehdot ovat t\u00e4rkeit\u00e4, jotta tied\u00e4t, mitk\u00e4 ovat sinun oikeutesi ja velvollisuutesi ostajana sek\u00e4 meid\u00e4n oikeutemme ja velvollisuutemme myyj\u00e4n\u00e4. Noudatamme<\/p>\n","protected":false},"author":1,"featured_media":0,"parent":0,"menu_order":0,"comment_status":"closed","ping_status":"closed","template":"","meta":{"footnotes":""},"class_list":["post-11","page","type-page","status-publish","hentry"],"_links":{"self":[{"href":"https:\/\/kifft.ee\/fi\/wp-json\/wp\/v2\/pages\/11","targetHints":{"allow":["GET"]}}],"collection":[{"href":"https:\/\/kifft.ee\/fi\/wp-json\/wp\/v2\/pages"}],"about":[{"href":"https:\/\/kifft.ee\/fi\/wp-json\/wp\/v2\/types\/page"}],"author":[{"embeddable":true,"href":"https:\/\/kifft.ee\/fi\/wp-json\/wp\/v2\/users\/1"}],"replies":[{"embeddable":true,"href":"https:\/\/kifft.ee\/fi\/wp-json\/wp\/v2\/comments?post=11"}],"version-history":[{"count":4,"href":"https:\/\/kifft.ee\/fi\/wp-json\/wp\/v2\/pages\/11\/revisions"}],"predecessor-version":[{"id":892,"href":"https:\/\/kifft.ee\/fi\/wp-json\/wp\/v2\/pages\/11\/revisions\/892"}],"wp:attachment":[{"href":"https:\/\/kifft.ee\/fi\/wp-json\/wp\/v2\/media?parent=11"}],"curies":[{"name":"wp","href":"https:\/\/api.w.org\/{rel}","templated":true}]}}