{"id":206,"date":"2023-02-22T11:03:03","date_gmt":"2023-02-22T11:03:03","guid":{"rendered":"https:\/\/kifft.ee\/?page_id=206"},"modified":"2024-06-03T07:36:26","modified_gmt":"2024-06-03T07:36:26","slug":"privaatsustingimused","status":"publish","type":"page","link":"https:\/\/kifft.ee\/fi\/privaatsustingimused\/","title":{"rendered":"Privaatsustingimused"},"content":{"rendered":"<p><\/p>\n<h1>Tietosuojak\u00e4yt\u00e4nt\u00f6<\/h1>\n<p>Meid\u00e4n t\u00e4ytyy k\u00e4sitell\u00e4 tietojasi, jotta voimme tarjota parasta palvelua ja toimittaa tilaamasi tuotteet. Lupamme olla v\u00e4\u00e4rink\u00e4ytt\u00e4m\u00e4tt\u00e4 tietojasi ja k\u00e4sittelev\u00e4mme niit\u00e4 lainmukaisesti. Jos haluat tiet\u00e4\u00e4 enemm\u00e4n siit\u00e4, mit\u00e4 tietoja ker\u00e4\u00e4mme ja miten niit\u00e4 k\u00e4yt\u00e4mme, voit tutustua yksityiskohtaiseen tietosuojak\u00e4yt\u00e4nt\u00f6\u00f6mme.<\/p>\n<p>T\u00e4m\u00e4 tietosuojak\u00e4yt\u00e4nt\u00f6 on m\u00e4\u00e4ritetty KIFFT SHOP O\u00dc<br \/>\ntoimesta ja on erottamaton osa sopimuksia, jotka on tehty sinun ja KIFFT SHOP O\u00dc<br \/>\nv\u00e4lill\u00e4, ja koskee sinun ja KIFFT SHOP O\u00dc<br \/>\nv\u00e4list\u00e4 vuorovaikutusta riippumatta viestint\u00e4kanavasta, mukaan lukien verkkosivusto kifft.ee.<\/p>\n<p>Tietosuojak\u00e4yt\u00e4nn\u00f6ss\u00e4 kuvataan, kuinka KIFFT SHOP O\u00dc k\u00e4sittelee (mukaan lukien ker\u00e4\u00e4minen, k\u00e4ytt\u00f6, luovutus, tallennus, siirto, poistaminen jne.) henkil\u00f6tietojasi ja tiedottaa sinulle oikeuksistasi rekister\u00f6ityn\u00e4.<\/p>\n<p>Kifft Shop O\u00dc k\u00e4sittelee henkil\u00f6tietoja voimassa olevan lains\u00e4\u00e4d\u00e4nn\u00f6n mukaisesti, mukaan lukien Euroopan parlamentin ja neuvoston 27. huhtikuuta 2016 antaman asetuksen (EU) 2016\/679 mukaisesti henkil\u00f6tietojen suojelusta sek\u00e4 n\u00e4iden tietojen vapaasta liikkuvuudesta (j\u00e4ljemp\u00e4n\u00e4 yleinen tietosuoja-asetus). Tietosuojak\u00e4yt\u00e4nn\u00f6ss\u00e4 s\u00e4\u00e4ntelem\u00e4tt\u00f6miss\u00e4 asioissa Kifft Shop O\u00dc noudattaa voimassa olevaa lains\u00e4\u00e4d\u00e4nt\u00f6\u00e4.<\/p>\n<p>Lis\u00e4kysymyksiss\u00e4 voit ottaa yhteytt\u00e4 seuraaviin yhteystietoihin:<\/p>\n<p>Nimi: KIFFT SHOP O\u00dc<br \/>\nS\u00e4hk\u00f6posti: info@kifft.ee<\/p>\n<p>Henkil\u00f6tietojen k\u00e4sittely:<br \/>\nKIFFT SHOP O\u00dc k\u00e4sittelee seuraavia henkil\u00f6tietoja:<br \/>\n\u2013 Tunnistetiedot \u2013 etu- ja sukunimi<br \/>\n\u2013 Yhteystiedot \u2013 s\u00e4hk\u00f6posti, puhelinnumero, postiosoite, pankkitilin numero, ostohistoria jne.<br \/>\n\u2013 Kampanjatiedot \u2013 tiedot osallistumisesta peleihin ja kampanjoihin, esimerkiksi peleiss\u00e4 tai kampanjoissa voitetut palkinnot.<\/p>\n<p>Henkil\u00f6tietojen ker\u00e4\u00e4minen:<br \/>\nKIFFT SHOP O\u00dc ker\u00e4\u00e4 henkil\u00f6tietoja, jotka:<br \/>\n\u2013 Sy\u00f6t\u00e4t verkkosivustolle kifft.ee<br \/>\n\u2013 L\u00e4het\u00e4t KIFFT SHOP O\u00dc<br \/>\ns\u00e4hk\u00f6postitse, puhelimitse tai muulla viestint\u00e4v\u00e4lineell\u00e4;<br \/>\n\u2013 L\u00e4het\u00e4t KIFFT SHOP O\u00dc<br \/>\nsosiaalisen median kautta (Facebook, Instagram).<\/p>\n<p>Henkil\u00f6tietojen k\u00e4sittelyn tarkoitukset:<br \/>\nKIFFT SHOP O\u00dc k\u00e4sittelee henkil\u00f6tietojasi sopimusten valmisteluun, tekemiseen ja t\u00e4ytt\u00e4miseen sek\u00e4 mahdollisten sopimukseen liittyvien riitojen ratkaisemiseen. KIFFT SHOP O\u00dc ker\u00e4\u00e4 ja k\u00e4sittelee tietojasi ensisijaisesti tarjotakseen sinulle palvelua: tilausten hallintaan ja tuotteiden toimittamiseen. KIFFT SHOP O\u00dc k\u00e4sittelee my\u00f6s puhelimitse, s\u00e4hk\u00f6postitse, sosiaalisen median tai muiden v\u00e4lineiden kautta toimitettuja tietoja, jos se on tarpeen palvelun tarjoamiseksi. KIFFT SHOP O\u00dc k\u00e4sittelee henkil\u00f6tietojasi tarjousten tekemiseksi ja kutsujen l\u00e4hett\u00e4miseksi. Jos olet antanut henkil\u00f6tietoja, voit antaa suostumuksen vastaanottaa tietoja.<br \/>\nKIFFT SHOP O\u00dc suoramarkkinointitarjouksista. Jos haluat saada suoramarkkinointitarjouksia, voit antaa suostumuksen siihen liittym\u00e4ll\u00e4 uutiskirjeluetteloon verkkosivustolla kifft.ee. Suostumuksen antaminen on vapaaehtoista, ja sinulla on oikeus peruuttaa suostumus milloin tahansa. T\u00e4ss\u00e4 tapauksessa lopetamme tietojesi k\u00e4sittelyn suostumuksen peruuttamisesta l\u00e4htien.<br \/>\nJos osallistut verkkosivustoilla ja\/tai sosiaalisen median kanavilla oleviin kampanjapeleihin, KIFFT SHOP O\u00dc k\u00e4sittelee henkil\u00f6tietojasi siin\u00e4 m\u00e4\u00e4rin kuin se on tarpeen voittajan selvitt\u00e4miseksi ja palkinnon luovuttamiseksi. Osallistuminen kampanjapeleihin on vapaaehtoista.<br \/>\nKIFFT SHOP O\u00dc voi k\u00e4sitell\u00e4 henkil\u00f6tietojasi my\u00f6s muulla suostumuksella. K\u00e4sittelyn tarkoitus t\u00e4smennet\u00e4\u00e4n suostumuksen antamisen yhteydess\u00e4. Jokainen suostumus k\u00e4sittelyyn on vapaaehtoinen, ja sinulla on oikeus peruuttaa se milloin tahansa. Suostumuksen peruuttaminen ei vaikuta ennen peruuttamista tapahtuneen k\u00e4sittelyn laillisuuteen.<br \/>\nKIFFT SHOP O\u00dc seuraa aina, ett\u00e4 tietojen k\u00e4sittely on laillista ja tiukasti rajoitettu tarkoitukseen, jota varten tiedot alun perin ker\u00e4ttiin. KIFFT SHOP O\u00dc rajoittaa my\u00f6s tietojen k\u00e4sittelyn aina mahdollisimman v\u00e4h\u00e4iseksi, eli siihen, mik\u00e4 on k\u00e4sittelyn tarkoituksen kannalta tarpeellista.<br \/>\nKIFFT SHOP O\u00dc huolehtii siit\u00e4, ett\u00e4 tietoja k\u00e4sitell\u00e4\u00e4n tavalla, joka takaa niiden turvallisuuden, mukaan lukien suojaaminen luvattomalta tai laittomalta k\u00e4sittelylt\u00e4 sek\u00e4 vahingossa tapahtuvalta menetykselt\u00e4, tuhoutumiselta tai vahingoittumiselta.<br \/>\nKIFFT SHOP O\u00dc ei s\u00e4ilyt\u00e4 tietoja kauemmin kuin se on tarpeellista. Jos ostos on tehty verkkokaupassa, ostohistoria s\u00e4ilytet\u00e4\u00e4n kolme vuotta.<br \/>\nMaksuihin ja kuluttajariitoihin liittyviss\u00e4 riitatapauksissa tietoja s\u00e4ilytet\u00e4\u00e4n, kunnes vaatimus on t\u00e4ytetty tai vanhentumisaika on kulunut umpeen.<br \/>\nTietoja, jotka sis\u00e4ltyv\u00e4t kirjanpitodokumentteihin, s\u00e4ilytet\u00e4\u00e4n lain mukaan seitsem\u00e4n vuotta.<\/p>\n<p>Henkil\u00f6tietojen luovuttaminen:<br \/>\nKIFFT SHOP O\u00dc luovuttaa henkil\u00f6tietoja vain siin\u00e4 m\u00e4\u00e4rin ja muodossa, joka on tarpeen tietosuojak\u00e4yt\u00e4nn\u00f6ss\u00e4 lueteltujen tarkoitusten t\u00e4ytt\u00e4miseksi, mukaan lukien sopimusten valmistelu ja t\u00e4ytt\u00e4minen tai tarjousten tekeminen.<br \/>\nKIFFT SHOP O\u00dc voi luovuttaa henkil\u00f6tietoja valtuutetuille tietojenk\u00e4sittelij\u00f6ille, joilla on p\u00e4\u00e4sy tietoihin KIFFT SHOP O\u00dc<br \/>\npalvelun tarjoamiseksi. Palvelun k\u00e4ytt\u00e4j\u00e4 antaa palveluntarjoajalle suostumuksen luovuttaa Makeitneutral O\u00dc<br \/>\nh\u00e4nen tietonsa (nimi, s\u00e4hk\u00f6posti, mets\u00e4n-positiivinen ostos). T\u00e4m\u00e4 tapahtuu, jos k\u00e4ytt\u00e4j\u00e4 on antanut suostumuksensa tilauksen muuttamiseksi mets\u00e4n-positiiviseksi. Makeitneutral vahvistaa, ett\u00e4 tietoja k\u00e4ytet\u00e4\u00e4n vain tilauksen suorittamista koskevien ilmoitusten l\u00e4hett\u00e4miseen.<br \/>\nKIFFT SHOP O\u00dc takaa yleens\u00e4 tietojen k\u00e4sittelyn ja s\u00e4ilytt\u00e4misen Euroopan unionin alueella. KIFFT SHOP O\u00dc voi my\u00f6s k\u00e4ytt\u00e4\u00e4 valtuutettuja tietojenk\u00e4sittelij\u00f6it\u00e4, joiden palvelimet sijaitsevat Euroopan unionin ulkopuolella. KIFFT SHOP O\u00dc varmistaa t\u00e4ss\u00e4 tapauksessa tietojesi kattavan turvallisuuden, perustuen muun muassa EU-US Privacy Shield -sopimukseen tai soveltamalla muita lains\u00e4\u00e4d\u00e4nn\u00f6n edellytt\u00e4mi\u00e4 tietosuojatoimenpiteit\u00e4.<\/p>\n<p>Oikeutesi henkil\u00f6tietojen k\u00e4sittelyss\u00e4:<br \/>\nJos et halua vastaanottaa suoramarkkinointitarjouksia, sinulla on oikeus milloin tahansa ilmoittaa siit\u00e4 KIFFT SHOP O\u00dc. KIFFT SHOP O\u00dc t\u00e4ytt\u00e4\u00e4 pyynt\u00f6si kohtuullisessa ajassa. Tarkemmat tiedot suoramarkkinointitarjouksista kielt\u00e4ytymisest\u00e4 toimitetaan itse tarjouksessa.<br \/>\nSinulla on oikeus saada tietoja KIFFT SHOP O\u00dc<br \/>\nk\u00e4sittelemist\u00e4 sinua koskevista henkil\u00f6tiedoista, niiden k\u00e4ytt\u00f6tarkoituksista, tyypeist\u00e4 ja l\u00e4hteist\u00e4. Sinulla on my\u00f6s oikeus saada kopioita ja otteita k\u00e4sitelt\u00e4vist\u00e4 henkil\u00f6tiedoista. Sinulla on oikeus vaatia tietojen oikaisemista tai t\u00e4ydent\u00e4mist\u00e4, jos k\u00e4sitelt\u00e4v\u00e4t henkil\u00f6tiedot ovat virheellisi\u00e4 tai ep\u00e4tarkkoja. Tarvittaessa sinulla on oikeus vaatia henkil\u00f6tietojen k\u00e4sittelyn rajoittamista tai vastustaa henkil\u00f6tietojen k\u00e4sittely\u00e4.<br \/>\nSinulla on oikeus vaatia k\u00e4sitelt\u00e4vien henkil\u00f6tietojen siirt\u00e4mist\u00e4. Tiedot toimitetaan sinulle koneellisesti luettavassa muodossa s\u00e4hk\u00f6postitse. Sinulla on oikeus vaatia my\u00f6s k\u00e4sitelt\u00e4vien tietojen siirt\u00e4mist\u00e4 toiselle rekisterinpit\u00e4j\u00e4lle.<br \/>\nSinulla on oikeus vaatia tietojen poistamista, paitsi jos tietojen k\u00e4sittelyoikeus ja -velvollisuus perustuvat lains\u00e4\u00e4d\u00e4nt\u00f6\u00f6n. Tietojen k\u00e4sittely\u00e4 ei lopeteta, jos se olisi ristiriidassa tietojen k\u00e4sittelyvelvoitteen kanssa tai jos k\u00e4sittelyn jatkamiselle on muuta perustetta. On my\u00f6s t\u00e4rke\u00e4\u00e4 huomata, ett\u00e4 tietojen k\u00e4sittelyn lopettaminen voi est\u00e4\u00e4 palvelun tarjoamisen sinulle. Erityisesti sinulla on oikeus vaatia tietojen k\u00e4sittelyn lopettamista ja tietojen poistamista, jos:<\/p>\n<p>tietoja ei en\u00e4\u00e4 tarvita siihen tarkoitukseen, jota varten KIFFT SHOP O\u00dc niit\u00e4 k\u00e4sitteli;<br \/>\nperuutat suostumuksesi tietojen k\u00e4sittelyyn, eik\u00e4 ole muuta laillista perustetta tietojen k\u00e4sittelylle;<br \/>\nesit\u00e4t vastalauseen tietojen k\u00e4sittelyyn, eik\u00e4 k\u00e4sittelylle ole painavia oikeutettuja syit\u00e4;<br \/>\ntietoja on k\u00e4sitelty laittomasti;<br \/>\ntiedot on poistettava oikeudellisen velvoitteen t\u00e4ytt\u00e4miseksi.<br \/>\nJos katsot, ett\u00e4 tietojenk\u00e4sittelyss\u00e4 on rikottu oikeuksiasi tai haluat, ett\u00e4 KIFFT SHOP O\u00dc lopettaa tietojesi k\u00e4sittelyn, ota yhteytt\u00e4 KIFFT SHOP O\u00dc<br \/>\nKiistan sattuessa sinulla on oikeus ottaa yhteytt\u00e4 tietosuojavaltuutettuun (V\u00e4ike-Ameerika 19, 10129 Tallinna; verkkosivusto www.aki.ee) tai toimivaltaiseen tuomioistuimeen.<\/p>\n<p>KIFFT SHOP O\u00dc pid\u00e4tt\u00e4\u00e4 itsell\u00e4\u00e4n oikeuden muuttaa t\u00e4t\u00e4 tietosuojak\u00e4yt\u00e4nt\u00f6\u00e4. K\u00e4yt\u00e4nt\u00f6\u00e4 muutetaan ensisijaisesti (mutta ei yksinomaan) tietosuojalains\u00e4\u00e4d\u00e4nn\u00f6n noudattamiseksi. Muutoksista tietosuojak\u00e4yt\u00e4nn\u00f6ss\u00e4 tiedotetaan sinulle s\u00e4hk\u00f6postitse tai Facebook-sivun kautta, ja uudet k\u00e4yt\u00e4nn\u00f6t ovat saatavilla kifft.ee-sivustolla.<\/p>","protected":false},"excerpt":{"rendered":"<p>Tietosuojak\u00e4yt\u00e4nt\u00f6 Meid\u00e4n t\u00e4ytyy k\u00e4sitell\u00e4 tietojasi, jotta voimme tarjota parasta palvelua ja toimittaa tilaamasi tuotteet. Lupamme olla v\u00e4\u00e4rink\u00e4ytt\u00e4m\u00e4tt\u00e4 tietojasi ja k\u00e4sittelev\u00e4mme<\/p>\n","protected":false},"author":1,"featured_media":0,"parent":0,"menu_order":0,"comment_status":"closed","ping_status":"closed","template":"","meta":{"footnotes":""},"class_list":["post-206","page","type-page","status-publish","hentry"],"_links":{"self":[{"href":"https:\/\/kifft.ee\/fi\/wp-json\/wp\/v2\/pages\/206","targetHints":{"allow":["GET"]}}],"collection":[{"href":"https:\/\/kifft.ee\/fi\/wp-json\/wp\/v2\/pages"}],"about":[{"href":"https:\/\/kifft.ee\/fi\/wp-json\/wp\/v2\/types\/page"}],"author":[{"embeddable":true,"href":"https:\/\/kifft.ee\/fi\/wp-json\/wp\/v2\/users\/1"}],"replies":[{"embeddable":true,"href":"https:\/\/kifft.ee\/fi\/wp-json\/wp\/v2\/comments?post=206"}],"version-history":[{"count":3,"href":"https:\/\/kifft.ee\/fi\/wp-json\/wp\/v2\/pages\/206\/revisions"}],"predecessor-version":[{"id":895,"href":"https:\/\/kifft.ee\/fi\/wp-json\/wp\/v2\/pages\/206\/revisions\/895"}],"wp:attachment":[{"href":"https:\/\/kifft.ee\/fi\/wp-json\/wp\/v2\/media?parent=206"}],"curies":[{"name":"wp","href":"https:\/\/api.w.org\/{rel}","templated":true}]}}