{"id":80,"date":"2023-02-21T10:55:04","date_gmt":"2023-02-21T10:55:04","guid":{"rendered":"https:\/\/kifft.ee\/?page_id=80"},"modified":"2024-06-03T07:40:29","modified_gmt":"2024-06-03T07:40:29","slug":"tarne","status":"publish","type":"page","link":"https:\/\/kifft.ee\/fi\/tarne\/","title":{"rendered":"Tarne"},"content":{"rendered":"<div class=\"wpb-content-wrapper\"><p>[vc_row][vc_column][vc_column_text woodmart_inline=&#8221;no&#8221; text_larger=&#8221;no&#8221;]<\/p>\n<header class=\"entry-header\" aria-label=\"Content\">\n<h3>Toimitus<\/h3>\n<p>T\u00e4\u00e4lt\u00e4 l\u00f6yd\u00e4t vastaukset, jotka liittyv\u00e4t tuotteiden toimitukseen. Jos tarvitset lis\u00e4tietoja, olemme t\u00e4\u00e4ll\u00e4 sinua varten. Ota meihin yhteytt\u00e4 s\u00e4hk\u00f6postitse osoitteessa <a target=\"_new\" rel=\"noreferrer noopener\">info@kifft.ee<\/a> tai Facebookin \/ Instagramin kautta.<\/p>\n<p><strong>Minne KIFFT-tuotteita voidaan tilata?<\/strong><\/p>\n<p>KIFFT SHOP O\u00dc toimittaa tuotteita Viroon ja Suomeen. L\u00f6yd\u00e4t kunkin tuotteen toimitusajan tuotekuvauksesta. Jos haluat tilata tuotteen muualle kuin Viroon tai Suomeen, ota meihin yhteytt\u00e4 s\u00e4hk\u00f6postitse osoitteeseen <a target=\"_new\" rel=\"noreferrer noopener\">info@kifft.ee<\/a>, ja l\u00f6yd\u00e4mme ratkaisun.<\/p>\n<p><strong>Mink\u00e4 kuriiriyritysten kanssa KIFFT tekee yhteisty\u00f6t\u00e4?<\/strong><\/p>\n<p>Tuotteidemme toimituksesta vastaa Itella\/Smartpost. Tuotteita voidaan tilata sek\u00e4 kuriiripalveluna ett\u00e4 pakettiautomaattiin tuotteen koosta riippuen. Suuremmat huonekalut toimitetaan aina kuriirilla, koska ne eiv\u00e4t mahdu pakettiautomaattiin. Voit valita pakettiautomaatin kassalla.<\/p>\n<\/header>\n<p>[\/vc_column_text][\/vc_column][\/vc_row][vc_row][vc_column][vc_column_text]<\/p>\n<p>[\/vc_column_text][\/vc_column][\/vc_row]<\/p>\n<\/div>","protected":false},"excerpt":{"rendered":"<p>[vc_row][vc_column][vc_column_text woodmart_inline=&#8221;no&#8221; text_larger=&#8221;no&#8221;] Toimitus T\u00e4\u00e4lt\u00e4 l\u00f6yd\u00e4t vastaukset, jotka liittyv\u00e4t tuotteiden toimitukseen. Jos tarvitset lis\u00e4tietoja, olemme t\u00e4\u00e4ll\u00e4 sinua varten. Ota meihin<\/p>\n","protected":false},"author":1,"featured_media":0,"parent":0,"menu_order":0,"comment_status":"closed","ping_status":"closed","template":"","meta":{"footnotes":""},"class_list":["post-80","page","type-page","status-publish","hentry"],"_links":{"self":[{"href":"https:\/\/kifft.ee\/fi\/wp-json\/wp\/v2\/pages\/80","targetHints":{"allow":["GET"]}}],"collection":[{"href":"https:\/\/kifft.ee\/fi\/wp-json\/wp\/v2\/pages"}],"about":[{"href":"https:\/\/kifft.ee\/fi\/wp-json\/wp\/v2\/types\/page"}],"author":[{"embeddable":true,"href":"https:\/\/kifft.ee\/fi\/wp-json\/wp\/v2\/users\/1"}],"replies":[{"embeddable":true,"href":"https:\/\/kifft.ee\/fi\/wp-json\/wp\/v2\/comments?post=80"}],"version-history":[{"count":3,"href":"https:\/\/kifft.ee\/fi\/wp-json\/wp\/v2\/pages\/80\/revisions"}],"predecessor-version":[{"id":898,"href":"https:\/\/kifft.ee\/fi\/wp-json\/wp\/v2\/pages\/80\/revisions\/898"}],"wp:attachment":[{"href":"https:\/\/kifft.ee\/fi\/wp-json\/wp\/v2\/media?parent=80"}],"curies":[{"name":"wp","href":"https:\/\/api.w.org\/{rel}","templated":true}]}}