{"id":89,"date":"2023-02-21T11:00:34","date_gmt":"2023-02-21T11:00:34","guid":{"rendered":"https:\/\/kifft.ee\/?page_id=89"},"modified":"2024-06-03T07:37:37","modified_gmt":"2024-06-03T07:37:37","slug":"garantii","status":"publish","type":"page","link":"https:\/\/kifft.ee\/fi\/garantii\/","title":{"rendered":"Takuuehdot"},"content":{"rendered":"<p><\/p>\n<header class=\"entry-header\" aria-label=\"Content\">\n<h3>Takuuehdot<\/h3>\n<p>Meit\u00e4 pahoittaa, jos tilaamasi tuote tarvitsee vaihtoa tai palautusta sen puutteellisuuden vuoksi. L\u00f6yd\u00e4t t\u00e4\u00e4lt\u00e4 kaikki tarvittavat tiedot aiemmin meilt\u00e4 ostettujen tuotteiden takuusta.<\/p>\n<p>Vastavalt V\u00f5la\u00f5igusseaduse \u00a7-le 218 myyj\u00e4 vastaa tavaran sopimuksenmukaisuudesta, joka ilmenee kahden vuoden kuluessa tavaran luovutuksesta ostajalle.<\/p>\n<p>T\u00e4m\u00e4n lis\u00e4ksi oletetaan, ett\u00e4 kuuden kuukauden kuluessa tavaran ostajalle luovutuksesta ilmennyt sopimuksenmukaisuus oli olemassa jo tavaran luovutushetkell\u00e4, ellei t\u00e4llainen olettamus ole ristiriidassa tavaran tai puutteen luonteen kanssa.<\/p>\n<p>Jos olet huomannut, ett\u00e4 tilaamassasi tuotteessa on puutteita, ilmoita siit\u00e4 meille: L\u00e4het\u00e4 meille s\u00e4hk\u00f6postia osoitteeseen <a target=\"_new\" rel=\"noreferrer noopener\">info@kifft.ee<\/a> ja kerro yksityiskohtaisesti, mik\u00e4 vika tai puute tilaamassasi tuotteessa on. Liit\u00e4 mukaan kuvia. L\u00e4het\u00e4 meille s\u00e4hk\u00f6postiosoitteesi ja puhelinnumerosi, jotta voimme ottaa sinuun yhteytt\u00e4. Kun olemme vastaanottaneet ilmoituksesi, otamme sinuun yhteytt\u00e4 7 p\u00e4iv\u00e4n kuluessa sopiaksemme jatkotoimista puutteen tarkistamiseksi ja korjaamiseksi.<\/p>\n<\/header>\n<p><\/p>","protected":false},"excerpt":{"rendered":"<p>Takuuehdot Meit\u00e4 pahoittaa, jos tilaamasi tuote tarvitsee vaihtoa tai palautusta sen puutteellisuuden vuoksi. L\u00f6yd\u00e4t t\u00e4\u00e4lt\u00e4 kaikki tarvittavat tiedot aiemmin meilt\u00e4<\/p>\n","protected":false},"author":1,"featured_media":0,"parent":0,"menu_order":0,"comment_status":"closed","ping_status":"closed","template":"","meta":{"footnotes":""},"class_list":["post-89","page","type-page","status-publish","hentry"],"_links":{"self":[{"href":"https:\/\/kifft.ee\/fi\/wp-json\/wp\/v2\/pages\/89","targetHints":{"allow":["GET"]}}],"collection":[{"href":"https:\/\/kifft.ee\/fi\/wp-json\/wp\/v2\/pages"}],"about":[{"href":"https:\/\/kifft.ee\/fi\/wp-json\/wp\/v2\/types\/page"}],"author":[{"embeddable":true,"href":"https:\/\/kifft.ee\/fi\/wp-json\/wp\/v2\/users\/1"}],"replies":[{"embeddable":true,"href":"https:\/\/kifft.ee\/fi\/wp-json\/wp\/v2\/comments?post=89"}],"version-history":[{"count":2,"href":"https:\/\/kifft.ee\/fi\/wp-json\/wp\/v2\/pages\/89\/revisions"}],"predecessor-version":[{"id":897,"href":"https:\/\/kifft.ee\/fi\/wp-json\/wp\/v2\/pages\/89\/revisions\/897"}],"wp:attachment":[{"href":"https:\/\/kifft.ee\/fi\/wp-json\/wp\/v2\/media?parent=89"}],"curies":[{"name":"wp","href":"https:\/\/api.w.org\/{rel}","templated":true}]}}