{"id":89,"date":"2023-02-21T11:00:34","date_gmt":"2023-02-21T11:00:34","guid":{"rendered":"https:\/\/kifft.ee\/?page_id=89"},"modified":"2024-06-03T07:37:37","modified_gmt":"2024-06-03T07:37:37","slug":"garantii","status":"publish","type":"page","link":"https:\/\/kifft.ee\/ru\/garantii\/","title":{"rendered":"Garantii"},"content":{"rendered":"<p><\/p>\n<header class=\"entry-header\" aria-label=\"Content\">\n<h1 class=\"entry-title\">Garantii<\/h1>\n<p class=\"entry-title\">Meil on v\u00e4ga kahju, kui meilt tellitud toode vajab mittevastavuse t\u00f5ttu \u00fcmbervahetamist v\u00f5i tagastamist. Leia siit kogu vajalik info meilt varasemalt soetatud toodete garantii osas.<\/p>\n<\/header>\n<div class=\"entry-content\">\n<p>Vastavalt V\u00f5la\u00f5igusseaduse \u00a7-le 218 vastutab m\u00fc\u00fcja kauba lepingutingimustele mittevastavuse eest, mis ilmneb 2 aasta jooksul kauba \u00fcleandmisest ostjale.<\/p>\n<p>Sealjuures eeldatakse, et 6 kuu jooksul kauba ostjale \u00fcleandmise p\u00e4evast ilmnenud lepingutingimustele mittevastavus oli olemas asja \u00fcleandmise ajal, kui selline eeldus ei ole vastuolus kauba v\u00f5i puuduse olemusega.<\/p>\n<div class=\"is-layout-flow wp-block-group has-accent-background-color has-background\">\n<div class=\"wp-block-group__inner-container\">\n<h4>Kui oled m\u00e4rganud, et tellitud tootel on puudused, anna sellest meile m\u00e4rku:<\/h4>\n<ul>\n<li>Palun saada meile e-maili aadressile <a href=\"mailto:info@kifft.ee\">info@kifft.ee<\/a> vastav teade koos p\u00f5hjaliku kirjeldusega, mis puudusega vms on tellitud tootel tegu.<\/li>\n<li>Lisa pildimaterjal<\/li>\n<li>Saada meile oma e-maili aadress ja telefoninumber, et saaksime teiega \u00fchendust v\u00f5tta.<\/li>\n<\/ul>\n<\/div>\n<\/div>\n<p>Peale avalduse meile saabumist v\u00f5tame teiega \u00fchendust 7 p\u00e4eva jooksul, et leppida kokku edasine tegevus puuduse \u00fcle vaatamiseks ja parandamiseks.<\/p>\n<\/div>\n<p><\/p>","protected":false},"excerpt":{"rendered":"<p>Garantii Meil on v\u00e4ga kahju, kui meilt tellitud toode vajab mittevastavuse t\u00f5ttu \u00fcmbervahetamist v\u00f5i tagastamist. Leia siit kogu vajalik info<\/p>\n","protected":false},"author":1,"featured_media":0,"parent":0,"menu_order":0,"comment_status":"closed","ping_status":"closed","template":"","meta":{"footnotes":""},"class_list":["post-89","page","type-page","status-publish","hentry"],"_links":{"self":[{"href":"https:\/\/kifft.ee\/ru\/wp-json\/wp\/v2\/pages\/89","targetHints":{"allow":["GET"]}}],"collection":[{"href":"https:\/\/kifft.ee\/ru\/wp-json\/wp\/v2\/pages"}],"about":[{"href":"https:\/\/kifft.ee\/ru\/wp-json\/wp\/v2\/types\/page"}],"author":[{"embeddable":true,"href":"https:\/\/kifft.ee\/ru\/wp-json\/wp\/v2\/users\/1"}],"replies":[{"embeddable":true,"href":"https:\/\/kifft.ee\/ru\/wp-json\/wp\/v2\/comments?post=89"}],"version-history":[{"count":2,"href":"https:\/\/kifft.ee\/ru\/wp-json\/wp\/v2\/pages\/89\/revisions"}],"predecessor-version":[{"id":897,"href":"https:\/\/kifft.ee\/ru\/wp-json\/wp\/v2\/pages\/89\/revisions\/897"}],"wp:attachment":[{"href":"https:\/\/kifft.ee\/ru\/wp-json\/wp\/v2\/media?parent=89"}],"curies":[{"name":"wp","href":"https:\/\/api.w.org\/{rel}","templated":true}]}}